{"id":5842,"date":"2025-06-18T12:04:00","date_gmt":"2025-06-18T16:04:00","guid":{"rendered":"https:\/\/timelytouchbands.com\/shop\/sail-cloth-strap-watch-band-different-colors-stitchings\/"},"modified":"2025-07-01T07:50:38","modified_gmt":"2025-07-01T11:50:38","slug":"sangle-en-toile-de-voile-bracelet-de-montre-differentes-couleurs-et-coutures","status":"publish","type":"product","link":"https:\/\/timelytouchbands.com\/fr\/shop\/sangle-en-toile-de-voile-bracelet-de-montre-differentes-couleurs-et-coutures\/","title":{"rendered":"Sangle en toile de voile bracelet de montre diff\u00e9rentes couleurs et coutures"},"content":{"rendered":"","protected":false},"excerpt":{"rendered":"<p>Bracelet en toile de voile compatible avec toutes les montres pour hommes et femmes. Disponible en 18, 19, 20, 21, 22, 24 mm avec un bracelet \u00e9tanche \u00e0 ressort \u00e0 d\u00e9gagement rapide.<br \/>\nBracelet &#8211; Cuir v\u00e9ritable<br \/>\nBoucle &#8211; Acier inoxydable<br \/>\nLongueur &#8211; 120 mm (pi\u00e8ce longue) \/ 80 mm (pi\u00e8ce courte) sans la boucle<br \/>\nCouleur du bracelet &#8211; Noir &amp;amp ; Couture noire | Noir &amp;amp ; Couture bleue | Noir &amp;amp ; Couture rouge | Noir &amp;amp ; Couture grise | Noir &amp;amp ; Couture jaune | Noir &amp;amp ; Couture orange | Noir &amp;amp ; Couture blanche | Bleu &amp;amp ; Couture bleue | Bleu &amp;amp ; Blanc &amp; Blanc | Gris &amp; gris ; surpiq\u00fbres grises | Vert &amp; vert ; surpiq\u00fbres vertes | Beige &amp; beige ; surpiq\u00fbres<br \/>\nCouleur de la boucle &#8211; Brosse | Noir mat | Or rose | Or jaune<br \/>\nTaille &#8211; 18 Taille de la bande &amp; 16 Taille de la boucle | 19 Taille de la bande &amp; 16 Taille de la boucle | 20 Taille de la bande &amp; 18 Taille de la boucle | 21 Taille de la bande &amp; 18 Taille de la boucle | 22 Taille de la bande &amp; 20 Taille de la boucle | 24 Taille de la bande &amp; 22 Taille de la boucle<br \/>\nMod\u00e8les Apple : Toutes les montres Apple<br \/>\nMod\u00e8les Samsung : Samsung Galaxy Watch 5 &amp; Galaxy Watch Pro, Samsung Galaxy Watch 6 (40mm &amp; 44mm), Samsung Galaxy Watch 6 Classic (47mm), Samsung Galaxy Watch 7 (40mm &amp; 44mm)<br \/>\nPour des boucles de montre suppl\u00e9mentaires, vous pouvez <a href=\"https:\/\/timelytouchbands.com\/fr\/shop\/boucle-de-montre-luxueuse-timely-touch-band\/\">les acheter s\u00e9par\u00e9ment ici<\/a>.<\/p>\n","protected":false},"featured_media":4475,"comment_status":"open","ping_status":"closed","template":"","meta":{"_monsterinsights_skip_tracking":false,"_monsterinsights_sitenote_active":false,"_monsterinsights_sitenote_note":"","_monsterinsights_sitenote_category":0},"etheme_brands":[],"product_brand":[],"product_cat":[57,1150,58,67],"product_tag":[],"class_list":{"0":"post-5842","1":"product","2":"type-product","3":"status-publish","4":"has-post-thumbnail","6":"product_cat-bandes-apple","7":"product_cat-bandes-en-materiel","8":"product_cat-bandes-montres","9":"product_cat-bandes-samsung","11":"first","12":"instock","13":"taxable","14":"shipping-taxable","15":"purchasable","16":"product-type-variable"},"yoast_head":"<!-- This site is optimized with the Yoast SEO plugin v25.3 - https:\/\/yoast.com\/wordpress\/plugins\/seo\/ -->\n<title>Sangle en toile de voile bracelet de montre diff\u00e9rentes couleurs et coutures - TIMELY TOUCH BANDS<\/title>\n<meta name=\"robots\" content=\"index, follow, max-snippet:-1, max-image-preview:large, max-video-preview:-1\" \/>\n<link rel=\"canonical\" href=\"https:\/\/timelytouchbands.com\/fr\/shop\/sangle-en-toile-de-voile-bracelet-de-montre-differentes-couleurs-et-coutures\/\" \/>\n<meta property=\"og:locale\" content=\"fr_FR\" \/>\n<meta property=\"og:type\" content=\"article\" \/>\n<meta property=\"og:title\" content=\"Sangle en toile de voile bracelet de montre diff\u00e9rentes couleurs et coutures - TIMELY TOUCH BANDS\" \/>\n<meta property=\"og:description\" content=\"Bracelet en toile de voile compatible avec toutes les montres pour hommes et femmes. Disponible en 18, 19, 20, 21, 22, 24 mm avec un bracelet \u00e9tanche \u00e0 ressort \u00e0 d\u00e9gagement rapide. Bracelet - Cuir v\u00e9ritable Boucle - Acier inoxydable Longueur - 120 mm (pi\u00e8ce longue) \/ 80 mm (pi\u00e8ce courte) sans la boucle Couleur du bracelet - Noir &amp;amp ; Couture noire | Noir &amp;amp ; Couture bleue | Noir &amp;amp ; Couture rouge | Noir &amp;amp ; Couture grise | Noir &amp;amp ; Couture jaune | Noir &amp;amp ; Couture orange | Noir &amp;amp ; Couture blanche | Bleu &amp;amp ; Couture bleue | Bleu &amp;amp ; Blanc &amp; Blanc | Gris &amp; gris ; surpiq\u00fbres grises | Vert &amp; vert ; surpiq\u00fbres vertes | Beige &amp; beige ; surpiq\u00fbres Couleur de la boucle - Brosse | Noir mat | Or rose | Or jaune Taille - 18 Taille de la bande &amp; 16 Taille de la boucle | 19 Taille de la bande &amp; 16 Taille de la boucle | 20 Taille de la bande &amp; 18 Taille de la boucle | 21 Taille de la bande &amp; 18 Taille de la boucle | 22 Taille de la bande &amp; 20 Taille de la boucle | 24 Taille de la bande &amp; 22 Taille de la boucle Mod\u00e8les Apple : Toutes les montres Apple Mod\u00e8les Samsung : Samsung Galaxy Watch 5 &amp; Galaxy Watch Pro, Samsung Galaxy Watch 6 (40mm &amp; 44mm), Samsung Galaxy Watch 6 Classic (47mm), Samsung Galaxy Watch 7 (40mm &amp; 44mm) Pour des boucles de montre suppl\u00e9mentaires, vous pouvez les acheter s\u00e9par\u00e9ment ici.\" \/>\n<meta property=\"og:url\" content=\"https:\/\/timelytouchbands.com\/fr\/shop\/sangle-en-toile-de-voile-bracelet-de-montre-differentes-couleurs-et-coutures\/\" \/>\n<meta property=\"og:site_name\" content=\"TIMELY TOUCH BANDS\" \/>\n<meta property=\"article:modified_time\" content=\"2025-07-01T11:50:38+00:00\" \/>\n<meta property=\"og:image\" content=\"https:\/\/timelytouchbands.com\/wp-content\/uploads\/2025\/06\/CCH_3051.jpg\" \/>\n\t<meta property=\"og:image:width\" content=\"1000\" \/>\n\t<meta property=\"og:image:height\" content=\"800\" \/>\n\t<meta property=\"og:image:type\" content=\"image\/jpeg\" \/>\n<meta name=\"twitter:card\" content=\"summary_large_image\" \/>\n<meta name=\"twitter:label1\" content=\"Dur\u00e9e de lecture estim\u00e9e\" \/>\n\t<meta name=\"twitter:data1\" content=\"1 minute\" \/>\n<script type=\"application\/ld+json\" class=\"yoast-schema-graph\">{\"@context\":\"https:\/\/schema.org\",\"@graph\":[{\"@type\":\"WebPage\",\"@id\":\"https:\/\/timelytouchbands.com\/fr\/shop\/sangle-en-toile-de-voile-bracelet-de-montre-differentes-couleurs-et-coutures\/\",\"url\":\"https:\/\/timelytouchbands.com\/fr\/shop\/sangle-en-toile-de-voile-bracelet-de-montre-differentes-couleurs-et-coutures\/\",\"name\":\"Sangle en toile de voile bracelet de montre diff\u00e9rentes couleurs et coutures - TIMELY TOUCH BANDS\",\"isPartOf\":{\"@id\":\"https:\/\/timelytouchbands.com\/fr\/#website\"},\"primaryImageOfPage\":{\"@id\":\"https:\/\/timelytouchbands.com\/fr\/shop\/sangle-en-toile-de-voile-bracelet-de-montre-differentes-couleurs-et-coutures\/#primaryimage\"},\"image\":{\"@id\":\"https:\/\/timelytouchbands.com\/fr\/shop\/sangle-en-toile-de-voile-bracelet-de-montre-differentes-couleurs-et-coutures\/#primaryimage\"},\"thumbnailUrl\":\"https:\/\/timelytouchbands.com\/wp-content\/uploads\/2025\/06\/CCH_3051.jpg\",\"datePublished\":\"2025-06-18T16:04:00+00:00\",\"dateModified\":\"2025-07-01T11:50:38+00:00\",\"breadcrumb\":{\"@id\":\"https:\/\/timelytouchbands.com\/fr\/shop\/sangle-en-toile-de-voile-bracelet-de-montre-differentes-couleurs-et-coutures\/#breadcrumb\"},\"inLanguage\":\"fr-FR\",\"potentialAction\":[{\"@type\":\"ReadAction\",\"target\":[\"https:\/\/timelytouchbands.com\/fr\/shop\/sangle-en-toile-de-voile-bracelet-de-montre-differentes-couleurs-et-coutures\/\"]}]},{\"@type\":\"ImageObject\",\"inLanguage\":\"fr-FR\",\"@id\":\"https:\/\/timelytouchbands.com\/fr\/shop\/sangle-en-toile-de-voile-bracelet-de-montre-differentes-couleurs-et-coutures\/#primaryimage\",\"url\":\"https:\/\/timelytouchbands.com\/wp-content\/uploads\/2025\/06\/CCH_3051.jpg\",\"contentUrl\":\"https:\/\/timelytouchbands.com\/wp-content\/uploads\/2025\/06\/CCH_3051.jpg\",\"width\":1000,\"height\":800},{\"@type\":\"BreadcrumbList\",\"@id\":\"https:\/\/timelytouchbands.com\/fr\/shop\/sangle-en-toile-de-voile-bracelet-de-montre-differentes-couleurs-et-coutures\/#breadcrumb\",\"itemListElement\":[{\"@type\":\"ListItem\",\"position\":1,\"name\":\"Home\",\"item\":\"https:\/\/timelytouchbands.com\/fr\/home\/\"},{\"@type\":\"ListItem\",\"position\":2,\"name\":\"BOUTIQUE\",\"item\":\"https:\/\/timelytouchbands.com\/fr\/boutique\/\"},{\"@type\":\"ListItem\",\"position\":3,\"name\":\"Sangle en toile de voile bracelet de montre diff\u00e9rentes couleurs et coutures\"}]},{\"@type\":\"WebSite\",\"@id\":\"https:\/\/timelytouchbands.com\/fr\/#website\",\"url\":\"https:\/\/timelytouchbands.com\/fr\/\",\"name\":\"TIMELY TOUCH BANDS\",\"description\":\"\",\"publisher\":{\"@id\":\"https:\/\/timelytouchbands.com\/fr\/#organization\"},\"potentialAction\":[{\"@type\":\"SearchAction\",\"target\":{\"@type\":\"EntryPoint\",\"urlTemplate\":\"https:\/\/timelytouchbands.com\/fr\/?s={search_term_string}\"},\"query-input\":{\"@type\":\"PropertyValueSpecification\",\"valueRequired\":true,\"valueName\":\"search_term_string\"}}],\"inLanguage\":\"fr-FR\"},{\"@type\":\"Organization\",\"@id\":\"https:\/\/timelytouchbands.com\/fr\/#organization\",\"name\":\"TIMELY TOUCH BANDS\",\"url\":\"https:\/\/timelytouchbands.com\/fr\/\",\"logo\":{\"@type\":\"ImageObject\",\"inLanguage\":\"fr-FR\",\"@id\":\"https:\/\/timelytouchbands.com\/fr\/#\/schema\/logo\/image\/\",\"url\":\"https:\/\/timelytouchbands.com\/wp-content\/uploads\/2025\/04\/logogold.png\",\"contentUrl\":\"https:\/\/timelytouchbands.com\/wp-content\/uploads\/2025\/04\/logogold.png\",\"width\":504,\"height\":193,\"caption\":\"TIMELY TOUCH BANDS\"},\"image\":{\"@id\":\"https:\/\/timelytouchbands.com\/fr\/#\/schema\/logo\/image\/\"}}]}<\/script>\n<!-- \/ Yoast SEO plugin. -->","yoast_head_json":{"title":"Sangle en toile de voile bracelet de montre diff\u00e9rentes couleurs et coutures - TIMELY TOUCH BANDS","robots":{"index":"index","follow":"follow","max-snippet":"max-snippet:-1","max-image-preview":"max-image-preview:large","max-video-preview":"max-video-preview:-1"},"canonical":"https:\/\/timelytouchbands.com\/fr\/shop\/sangle-en-toile-de-voile-bracelet-de-montre-differentes-couleurs-et-coutures\/","og_locale":"fr_FR","og_type":"article","og_title":"Sangle en toile de voile bracelet de montre diff\u00e9rentes couleurs et coutures - TIMELY TOUCH BANDS","og_description":"Bracelet en toile de voile compatible avec toutes les montres pour hommes et femmes. Disponible en 18, 19, 20, 21, 22, 24 mm avec un bracelet \u00e9tanche \u00e0 ressort \u00e0 d\u00e9gagement rapide. Bracelet - Cuir v\u00e9ritable Boucle - Acier inoxydable Longueur - 120 mm (pi\u00e8ce longue) \/ 80 mm (pi\u00e8ce courte) sans la boucle Couleur du bracelet - Noir &amp;amp ; Couture noire | Noir &amp;amp ; Couture bleue | Noir &amp;amp ; Couture rouge | Noir &amp;amp ; Couture grise | Noir &amp;amp ; Couture jaune | Noir &amp;amp ; Couture orange | Noir &amp;amp ; Couture blanche | Bleu &amp;amp ; Couture bleue | Bleu &amp;amp ; Blanc &amp; Blanc | Gris &amp; gris ; surpiq\u00fbres grises | Vert &amp; vert ; surpiq\u00fbres vertes | Beige &amp; beige ; surpiq\u00fbres Couleur de la boucle - Brosse | Noir mat | Or rose | Or jaune Taille - 18 Taille de la bande &amp; 16 Taille de la boucle | 19 Taille de la bande &amp; 16 Taille de la boucle | 20 Taille de la bande &amp; 18 Taille de la boucle | 21 Taille de la bande &amp; 18 Taille de la boucle | 22 Taille de la bande &amp; 20 Taille de la boucle | 24 Taille de la bande &amp; 22 Taille de la boucle Mod\u00e8les Apple : Toutes les montres Apple Mod\u00e8les Samsung : Samsung Galaxy Watch 5 &amp; Galaxy Watch Pro, Samsung Galaxy Watch 6 (40mm &amp; 44mm), Samsung Galaxy Watch 6 Classic (47mm), Samsung Galaxy Watch 7 (40mm &amp; 44mm) Pour des boucles de montre suppl\u00e9mentaires, vous pouvez les acheter s\u00e9par\u00e9ment ici.","og_url":"https:\/\/timelytouchbands.com\/fr\/shop\/sangle-en-toile-de-voile-bracelet-de-montre-differentes-couleurs-et-coutures\/","og_site_name":"TIMELY TOUCH BANDS","article_modified_time":"2025-07-01T11:50:38+00:00","og_image":[{"width":1000,"height":800,"url":"https:\/\/timelytouchbands.com\/wp-content\/uploads\/2025\/06\/CCH_3051.jpg","type":"image\/jpeg"}],"twitter_card":"summary_large_image","twitter_misc":{"Dur\u00e9e de lecture estim\u00e9e":"1 minute"},"schema":{"@context":"https:\/\/schema.org","@graph":[{"@type":"WebPage","@id":"https:\/\/timelytouchbands.com\/fr\/shop\/sangle-en-toile-de-voile-bracelet-de-montre-differentes-couleurs-et-coutures\/","url":"https:\/\/timelytouchbands.com\/fr\/shop\/sangle-en-toile-de-voile-bracelet-de-montre-differentes-couleurs-et-coutures\/","name":"Sangle en toile de voile bracelet de montre diff\u00e9rentes couleurs et coutures - TIMELY TOUCH BANDS","isPartOf":{"@id":"https:\/\/timelytouchbands.com\/fr\/#website"},"primaryImageOfPage":{"@id":"https:\/\/timelytouchbands.com\/fr\/shop\/sangle-en-toile-de-voile-bracelet-de-montre-differentes-couleurs-et-coutures\/#primaryimage"},"image":{"@id":"https:\/\/timelytouchbands.com\/fr\/shop\/sangle-en-toile-de-voile-bracelet-de-montre-differentes-couleurs-et-coutures\/#primaryimage"},"thumbnailUrl":"https:\/\/timelytouchbands.com\/wp-content\/uploads\/2025\/06\/CCH_3051.jpg","datePublished":"2025-06-18T16:04:00+00:00","dateModified":"2025-07-01T11:50:38+00:00","breadcrumb":{"@id":"https:\/\/timelytouchbands.com\/fr\/shop\/sangle-en-toile-de-voile-bracelet-de-montre-differentes-couleurs-et-coutures\/#breadcrumb"},"inLanguage":"fr-FR","potentialAction":[{"@type":"ReadAction","target":["https:\/\/timelytouchbands.com\/fr\/shop\/sangle-en-toile-de-voile-bracelet-de-montre-differentes-couleurs-et-coutures\/"]}]},{"@type":"ImageObject","inLanguage":"fr-FR","@id":"https:\/\/timelytouchbands.com\/fr\/shop\/sangle-en-toile-de-voile-bracelet-de-montre-differentes-couleurs-et-coutures\/#primaryimage","url":"https:\/\/timelytouchbands.com\/wp-content\/uploads\/2025\/06\/CCH_3051.jpg","contentUrl":"https:\/\/timelytouchbands.com\/wp-content\/uploads\/2025\/06\/CCH_3051.jpg","width":1000,"height":800},{"@type":"BreadcrumbList","@id":"https:\/\/timelytouchbands.com\/fr\/shop\/sangle-en-toile-de-voile-bracelet-de-montre-differentes-couleurs-et-coutures\/#breadcrumb","itemListElement":[{"@type":"ListItem","position":1,"name":"Home","item":"https:\/\/timelytouchbands.com\/fr\/home\/"},{"@type":"ListItem","position":2,"name":"BOUTIQUE","item":"https:\/\/timelytouchbands.com\/fr\/boutique\/"},{"@type":"ListItem","position":3,"name":"Sangle en toile de voile bracelet de montre diff\u00e9rentes couleurs et coutures"}]},{"@type":"WebSite","@id":"https:\/\/timelytouchbands.com\/fr\/#website","url":"https:\/\/timelytouchbands.com\/fr\/","name":"TIMELY TOUCH BANDS","description":"","publisher":{"@id":"https:\/\/timelytouchbands.com\/fr\/#organization"},"potentialAction":[{"@type":"SearchAction","target":{"@type":"EntryPoint","urlTemplate":"https:\/\/timelytouchbands.com\/fr\/?s={search_term_string}"},"query-input":{"@type":"PropertyValueSpecification","valueRequired":true,"valueName":"search_term_string"}}],"inLanguage":"fr-FR"},{"@type":"Organization","@id":"https:\/\/timelytouchbands.com\/fr\/#organization","name":"TIMELY TOUCH BANDS","url":"https:\/\/timelytouchbands.com\/fr\/","logo":{"@type":"ImageObject","inLanguage":"fr-FR","@id":"https:\/\/timelytouchbands.com\/fr\/#\/schema\/logo\/image\/","url":"https:\/\/timelytouchbands.com\/wp-content\/uploads\/2025\/04\/logogold.png","contentUrl":"https:\/\/timelytouchbands.com\/wp-content\/uploads\/2025\/04\/logogold.png","width":504,"height":193,"caption":"TIMELY TOUCH BANDS"},"image":{"@id":"https:\/\/timelytouchbands.com\/fr\/#\/schema\/logo\/image\/"}}]}},"_links":{"self":[{"href":"https:\/\/timelytouchbands.com\/fr\/wp-json\/wp\/v2\/product\/5842","targetHints":{"allow":["GET"]}}],"collection":[{"href":"https:\/\/timelytouchbands.com\/fr\/wp-json\/wp\/v2\/product"}],"about":[{"href":"https:\/\/timelytouchbands.com\/fr\/wp-json\/wp\/v2\/types\/product"}],"replies":[{"embeddable":true,"href":"https:\/\/timelytouchbands.com\/fr\/wp-json\/wp\/v2\/comments?post=5842"}],"version-history":[{"count":3,"href":"https:\/\/timelytouchbands.com\/fr\/wp-json\/wp\/v2\/product\/5842\/revisions"}],"predecessor-version":[{"id":6188,"href":"https:\/\/timelytouchbands.com\/fr\/wp-json\/wp\/v2\/product\/5842\/revisions\/6188"}],"wp:featuredmedia":[{"embeddable":true,"href":"https:\/\/timelytouchbands.com\/fr\/wp-json\/wp\/v2\/media\/4475"}],"wp:attachment":[{"href":"https:\/\/timelytouchbands.com\/fr\/wp-json\/wp\/v2\/media?parent=5842"}],"wp:term":[{"taxonomy":"brand","embeddable":true,"href":"https:\/\/timelytouchbands.com\/fr\/wp-json\/wp\/v2\/etheme_brands?post=5842"},{"taxonomy":"product_brand","embeddable":true,"href":"https:\/\/timelytouchbands.com\/fr\/wp-json\/wp\/v2\/product_brand?post=5842"},{"taxonomy":"product_cat","embeddable":true,"href":"https:\/\/timelytouchbands.com\/fr\/wp-json\/wp\/v2\/product_cat?post=5842"},{"taxonomy":"product_tag","embeddable":true,"href":"https:\/\/timelytouchbands.com\/fr\/wp-json\/wp\/v2\/product_tag?post=5842"}],"curies":[{"name":"wp","href":"https:\/\/api.w.org\/{rel}","templated":true}]}}